{"id":1857,"date":"2025-01-23T16:06:55","date_gmt":"2025-01-23T21:06:55","guid":{"rendered":"https:\/\/evolutionerp.ca\/?page_id=1857"},"modified":"2025-03-20T16:35:55","modified_gmt":"2025-03-20T20:35:55","slug":"calculateur-de-perte-pour-distributeur-de-materiaux","status":"publish","type":"page","link":"https:\/\/evolutionerp.ca\/en\/calculateur-de-perte-pour-distributeur-de-materiaux\/","title":{"rendered":"Calculateur de perte pour distributeur de mat\u00e9riaux"},"content":{"rendered":"<div data-elementor-type=\"wp-page\" data-elementor-id=\"1857\" class=\"elementor elementor-1857\" data-elementor-post-type=\"page\">\n\t\t\t\t\t\t<section data-particle_enable=\"false\" data-particle-mobile-disabled=\"false\" class=\"elementor-section elementor-top-section elementor-element elementor-element-1a6b9fe elementor-section-height-min-height elementor-section-boxed elementor-section-height-default elementor-section-items-middle\" data-id=\"1a6b9fe\" data-element_type=\"section\" data-settings=\"{&quot;background_background&quot;:&quot;classic&quot;,&quot;shape_divider_bottom&quot;:&quot;curve&quot;,&quot;shape_divider_bottom_negative&quot;:&quot;yes&quot;}\">\n\t\t\t\t\t\t\t<div class=\"elementor-background-overlay\"><\/div>\n\t\t\t\t\t\t<div class=\"elementor-shape elementor-shape-bottom\" aria-hidden=\"true\" data-negative=\"true\">\n\t\t\t<svg xmlns=\"http:\/\/www.w3.org\/2000\/svg\" viewbox=\"0 0 1000 100\" preserveaspectratio=\"none\">\n\t<path class=\"elementor-shape-fill\" d=\"M500,97C126.7,96.3,0.8,19.8,0,0v100l1000,0V1C1000,19.4,873.3,97.8,500,97z\"\/>\n<\/svg>\t\t<\/div>\n\t\t\t\t\t<div class=\"elementor-container elementor-column-gap-default\">\n\t\t\t\t\t<div class=\"elementor-column elementor-col-100 elementor-top-column elementor-element elementor-element-bd12e2f\" data-id=\"bd12e2f\" data-element_type=\"column\">\n\t\t\t<div class=\"elementor-widget-wrap elementor-element-populated\">\n\t\t\t\t\t\t<div class=\"elementor-element elementor-element-952a4e6 elementor-widget__width-initial elementor-widget-mobile__width-initial eael-dual-header-content-align-center elementor-widget elementor-widget-eael-dual-color-header\" data-id=\"952a4e6\" data-element_type=\"widget\" data-settings=\"{&quot;ekit_we_effect_on&quot;:&quot;none&quot;}\" data-widget_type=\"eael-dual-color-header.default\">\n\t\t\t\t<div class=\"elementor-widget-container\">\n\t\t\t\t\t\t\t\t<div class=\"eael-dual-header\">\n\t\t\t\t<h2 class=\"title eael-dch-title\"><span class=\"eael-dch-title-text eael-dch-title-lead lead solid-color\">Calculate your losses<\/span> <span class=\"eael-dch-title-text\"><br>delivery errors<\/span><\/h2>\t\t\t\t\t<span class=\"subtext\"><p>In just a few clicks, evaluate the financial impact of these errors on your business, and discover how \u00c9volution DMC can help you optimize your operations and maximize your deliveries.<\/p><\/span>\n\t\t\t\t\t\t\t\t\t<span class=\"eael-dch-svg-icon\"><\/span>\t\t\t\t\t\t\t<\/div>\n\n\t\t\t\t\t\t<\/div>\n\t\t\t\t<\/div>\n\t\t\t\t\t<\/div>\n\t\t<\/div>\n\t\t\t\t\t<\/div>\n\t\t<\/section>\n\t\t\t\t<section data-particle_enable=\"false\" data-particle-mobile-disabled=\"false\" class=\"elementor-section elementor-top-section elementor-element elementor-element-cbf4886 elementor-section-boxed elementor-section-height-default elementor-section-height-default\" data-id=\"cbf4886\" data-element_type=\"section\">\n\t\t\t\t\t\t<div class=\"elementor-container elementor-column-gap-default\">\n\t\t\t\t\t<div class=\"elementor-column elementor-col-66 elementor-top-column elementor-element elementor-element-1f110c6\" data-id=\"1f110c6\" data-element_type=\"column\">\n\t\t\t<div class=\"elementor-widget-wrap elementor-element-populated\">\n\t\t\t\t\t\t<div class=\"elementor-element elementor-element-7945334 elementor-widget elementor-widget-html\" data-id=\"7945334\" data-element_type=\"widget\" data-settings=\"{&quot;ekit_we_effect_on&quot;:&quot;none&quot;}\" data-widget_type=\"html.default\">\n\t\t\t\t<div class=\"elementor-widget-container\">\n\t\t\t\t\t<!DOCTYPE html>\n<html lang=\"fr\">\n<head>\n    <meta charset=\"UTF-8\">\n    <meta name=\"viewport\" content=\"width=device-width, initial-scale=1.0\">\n    <title>Calculateur des Co\u00fbts d'Erreurs<\/title>\n    <style>\n        @import url('https:\/\/fonts.googleapis.com\/css2?family=Poppins:wght@300;400;600&display=swap');\n\n        body {\n            font-family: 'Poppins', sans-serif;\n            background-color: #f4f4f4;\n            text-align: center;\n            padding: 20px;\n        }\n\n        h1 {\n            font-size: 28px;\n            font-weight: 600;\n            color: #333;\n        }\n\n        p {\n            font-size: 16px;\n            color: #555;\n        }\n\n        form {\n            background: white;\n            max-width: 400px;\n            margin: 20px auto;\n            padding: 20px;\n            border-radius: 8px;\n            box-shadow: 0px 4px 8px rgba(0, 0, 0, 0.1);\n            text-align: left;\n        }\n\n        label {\n            font-size: 14px;\n            font-weight: 500;\n            color: #333;\n            display: block;\n            margin-bottom: 5px;\n        }\n\n        input {\n            width: 100%;\n            padding: 10px;\n            margin-bottom: 15px;\n            border: 1px solid #ccc;\n            border-radius: 5px;\n            font-size: 14px;\n        }\n\n        button {\n            background-color: #2a9d8f;\n            color: white;\n            border: none;\n            padding: 12px 20px;\n            font-size: 16px;\n            font-weight: 600;\n            cursor: pointer;\n            border-radius: 5px;\n            width: 100%;\n            transition: background 0.3s ease;\n        }\n\n        button:hover {\n            background-color: #1e7d6f;\n        }\n\n        \/* Section R\u00e9sultats *\/\n        #results-container {\n            font-family: 'Poppins', sans-serif;\n            text-align: center;\n            margin-top: 30px;\n        }\n\n        h2 {\n            font-size: 22px;\n            font-weight: 600;\n            color: #333;\n        }\n\n        #results {\n            font-size: 18px;\n            font-weight: 500;\n            color: #333;\n            margin-top: 10px;\n        }\n\n        #results span {\n            font-size: 32px;  \/* Augmentation de la taille *\/\n            font-weight: 700; \/* Texte en gras *\/\n            color: #E55459;  \/* Rouge intense *\/\n            display: block;\n            margin-top: 10px;\n        }\n    <\/style>\n<\/head>\n<body>\n\n    <h1>Delivery error cost calculator<\/h1>\n    <p>Find out how much delivery errors can cost your business.<\/p>\n\n    <form id=\"errorCostCalculator\" action=\"\">\n        <label for=\"numTrucks\">Number of trucks in your fleet :<\/label>\n        <input type=\"number\" id=\"numTrucks\" name=\"numTrucks\" value=\"10\" required>\n\n        <label for=\"errorsPerWeek\">Number of errors per week per truck :<\/label>\n        <input type=\"number\" id=\"errorsPerWeek\" name=\"errorsPerWeek\" value=\"2.4\" step=\"0.1\" required>\n\n        <label for=\"additionalKm\">Additional mileage in error (in km) :<\/label>\n        <input type=\"number\" id=\"additionalKm\" name=\"additionalKm\" value=\"10\" required>\n\n        <label for=\"costPerKm\">Cost per kilometer (in $) :<\/label>\n        <input type=\"number\" id=\"costPerKm\" name=\"costPerKm\" value=\"4.5\" step=\"0.1\" required>\n\n        <button type=\"button\" onclick=\"calculateCost()\">Calculate<\/button>\n    <input type=\"hidden\" name=\"trp-form-language\" value=\"en\"\/><\/form>\n\n    <div id=\"results-container\">\n        <h2>Results :<\/h2>\n        <p id=\"results\">Fill in the form and click on <i>Calculate<\/i> to see the estimated costs.<\/p>\n    <\/div>\n\n    <script>\n        function calculateCost() {\n            const numTrucks = parseFloat(document.getElementById('numTrucks').value);\n            const errorsPerWeek = parseFloat(document.getElementById('errorsPerWeek').value);\n            const additionalKm = parseFloat(document.getElementById('additionalKm').value);\n            const costPerKm = parseFloat(document.getElementById('costPerKm').value);\n\n            const weeklyCost = numTrucks * errorsPerWeek * additionalKm * costPerKm;\n            const annualCost = weeklyCost * 52;\n\n            document.getElementById('results').innerHTML = `Le co\u00fbt annuel estim\u00e9 des erreurs de livraison est de <span>${annualCost.toFixed(2)} $<\/span>.`;\n        }\n    <\/script>\n\n<\/body>\n<\/html>\n\t\t\t\t<\/div>\n\t\t\t\t<\/div>\n\t\t\t\t\t<\/div>\n\t\t<\/div>\n\t\t\t\t<div class=\"elementor-column elementor-col-33 elementor-top-column elementor-element elementor-element-f33f45b\" data-id=\"f33f45b\" data-element_type=\"column\" data-settings=\"{&quot;background_background&quot;:&quot;classic&quot;}\">\n\t\t\t<div class=\"elementor-widget-wrap elementor-element-populated\">\n\t\t\t\t\t\t\t<\/div>\n\t\t<\/div>\n\t\t\t\t\t<\/div>\n\t\t<\/section>\n\t\t\t\t<section data-particle_enable=\"false\" data-particle-mobile-disabled=\"false\" class=\"elementor-section elementor-top-section elementor-element elementor-element-6151a69 elementor-section-boxed elementor-section-height-default elementor-section-height-default\" data-id=\"6151a69\" data-element_type=\"section\" data-settings=\"{&quot;background_background&quot;:&quot;classic&quot;}\">\n\t\t\t\t\t\t\t<div class=\"elementor-background-overlay\"><\/div>\n\t\t\t\t\t\t\t<div class=\"elementor-container elementor-column-gap-default\">\n\t\t\t\t\t<div class=\"elementor-column elementor-col-100 elementor-top-column elementor-element elementor-element-7087f28\" data-id=\"7087f28\" data-element_type=\"column\">\n\t\t\t<div class=\"elementor-widget-wrap elementor-element-populated\">\n\t\t\t\t\t\t<div class=\"elementor-element elementor-element-c1fc06c elementor-widget__width-initial elementor-widget-mobile__width-initial eael-dual-header-content-align-center elementor-widget elementor-widget-eael-dual-color-header\" data-id=\"c1fc06c\" data-element_type=\"widget\" data-settings=\"{&quot;ekit_we_effect_on&quot;:&quot;none&quot;}\" data-widget_type=\"eael-dual-color-header.default\">\n\t\t\t\t<div class=\"elementor-widget-container\">\n\t\t\t\t\t\t\t\t<div class=\"eael-dual-header\">\n\t\t\t\t<h2 class=\"title eael-dch-title\"><span class=\"eael-dch-title-text eael-dch-title-lead lead solid-color\">Calculate your lost time<\/span> <span class=\"eael-dch-title-text\"><br> and their financial impact<\/span><\/h2>\t\t\t\t\t<span class=\"subtext\"><p>Estimate the financial impact of lost time on your deliveries. Every mistake affects your productivity and profits.<\/p><\/span>\n\t\t\t\t\t\t\t\t\t<span class=\"eael-dch-svg-icon\"><\/span>\t\t\t\t\t\t\t<\/div>\n\n\t\t\t\t\t\t<\/div>\n\t\t\t\t<\/div>\n\t\t\t\t\t<\/div>\n\t\t<\/div>\n\t\t\t\t\t<\/div>\n\t\t<\/section>\n\t\t\t\t<section data-particle_enable=\"false\" data-particle-mobile-disabled=\"false\" class=\"elementor-section elementor-top-section elementor-element elementor-element-4db5183 elementor-section-boxed elementor-section-height-default elementor-section-height-default\" data-id=\"4db5183\" data-element_type=\"section\">\n\t\t\t\t\t\t<div class=\"elementor-container elementor-column-gap-default\">\n\t\t\t\t\t<div class=\"elementor-column elementor-col-33 elementor-top-column elementor-element elementor-element-e7059ab\" data-id=\"e7059ab\" data-element_type=\"column\" data-settings=\"{&quot;background_background&quot;:&quot;classic&quot;}\">\n\t\t\t<div class=\"elementor-widget-wrap elementor-element-populated\">\n\t\t\t\t\t\t<div class=\"elementor-element elementor-element-16e1897 elementor-widget elementor-widget-spacer\" data-id=\"16e1897\" data-element_type=\"widget\" data-settings=\"{&quot;ekit_we_effect_on&quot;:&quot;none&quot;}\" data-widget_type=\"spacer.default\">\n\t\t\t\t<div class=\"elementor-widget-container\">\n\t\t\t\t\t\t\t<div class=\"elementor-spacer\">\n\t\t\t<div class=\"elementor-spacer-inner\"><\/div>\n\t\t<\/div>\n\t\t\t\t\t\t<\/div>\n\t\t\t\t<\/div>\n\t\t\t\t\t<\/div>\n\t\t<\/div>\n\t\t\t\t<div class=\"elementor-column elementor-col-66 elementor-top-column elementor-element elementor-element-10a011a\" data-id=\"10a011a\" data-element_type=\"column\">\n\t\t\t<div class=\"elementor-widget-wrap elementor-element-populated\">\n\t\t\t\t\t\t<div class=\"elementor-element elementor-element-f0d3526 elementor-widget elementor-widget-html\" data-id=\"f0d3526\" data-element_type=\"widget\" data-settings=\"{&quot;ekit_we_effect_on&quot;:&quot;none&quot;}\" data-widget_type=\"html.default\">\n\t\t\t\t<div class=\"elementor-widget-container\">\n\t\t\t\t\t<!DOCTYPE html>\n<html lang=\"fr\">\n<head>\n    <meta charset=\"UTF-8\">\n    <meta name=\"viewport\" content=\"width=device-width, initial-scale=1.0\">\n    <title>Calculateur des Pertes de Temps<\/title>\n    <style>\n        @import url('https:\/\/fonts.googleapis.com\/css2?family=Poppins:wght@300;400;600&display=swap');\n\n        body {\n            font-family: 'Poppins', sans-serif;\n            background-color: #f4f4f4;\n            text-align: center;\n            padding: 20px;\n        }\n\n        h1 {\n            font-size: 28px;\n            font-weight: 600;\n            color: #333;\n        }\n\n        p {\n            font-size: 16px;\n            color: #555;\n        }\n\n        form {\n            background: white;\n            max-width: 400px;\n            margin: 20px auto;\n            padding: 20px;\n            border-radius: 8px;\n            box-shadow: 0px 4px 8px rgba(0, 0, 0, 0.1);\n            text-align: left;\n        }\n\n        label {\n            font-size: 14px;\n            font-weight: 500;\n            color: #333;\n            display: block;\n            margin-bottom: 5px;\n        }\n\n        input {\n            width: 100%;\n            padding: 10px;\n            margin-bottom: 15px;\n            border: 1px solid #ccc;\n            border-radius: 5px;\n            font-size: 14px;\n        }\n\n        button {\n            background-color: #2a9d8f;\n            color: white;\n            border: none;\n            padding: 12px 20px;\n            font-size: 16px;\n            font-weight: 600;\n            cursor: pointer;\n            border-radius: 5px;\n            width: 100%;\n            transition: background 0.3s ease;\n        }\n\n        button:hover {\n            background-color: #1e7d6f;\n        }\n\n        \/* Section R\u00e9sultats *\/\n        #results-container {\n            font-family: 'Poppins', sans-serif;\n            text-align: center;\n            margin-top: 30px;\n        }\n\n        h2 {\n            font-size: 22px;\n            font-weight: 600;\n            color: #333;\n        }\n\n        #results {\n            font-size: 18px;\n            font-weight: 500;\n            color: #333;\n            margin-top: 10px;\n        }\n\n        #results span {\n            font-size: 32px;  \/* Taille augment\u00e9e *\/\n            font-weight: 700; \/* Texte en gras *\/\n            color: #E55459;  \/* Rouge intense *\/\n            display: block;\n            margin-top: 10px;\n        }\n    <\/style>\n<\/head>\n<body>\n\n    <h1>$ time loss calculator<\/h1>\n    <p>Find out how much wasted time impacts your annual income.<\/p>\n\n    <form id=\"timeLossCalculator\" action=\"\">\n        <label for=\"numTrucks\">Number of trucks in your fleet :<\/label>\n        <input type=\"number\" id=\"numTrucks\" name=\"numTrucks\" value=\"10\" required>\n\n        <label for=\"errorsPerWeek\">Number of errors per week per truck :<\/label>\n        <input type=\"number\" id=\"errorsPerWeek\" name=\"errorsPerWeek\" value=\"2.4\" step=\"0.1\" required>\n\n        <label for=\"timePerError\">Time lost due to error (in hours) :<\/label>\n        <input type=\"number\" id=\"timePerError\" name=\"timePerError\" value=\"1.5\" step=\"0.1\" required>\n\n        <label for=\"hourlyRate\">Hourly cost (in $) :<\/label>\n        <input type=\"number\" id=\"hourlyRate\" name=\"hourlyRate\" value=\"25\" step=\"0.1\" required>\n\n        <button type=\"button\" onclick=\"calculateTimeLoss()\">Calculate<\/button>\n    <input type=\"hidden\" name=\"trp-form-language\" value=\"en\"\/><\/form>\n\n    <div id=\"results-container\">\n        <h2>Results :<\/h2>\n        <p id=\"results\">Fill in the form and click on <i>Calculate<\/i> to see the estimated losses.<\/p>\n    <\/div>\n\n    <script>\n        function calculateTimeLoss() {\n            const numTrucks = parseFloat(document.getElementById('numTrucks').value);\n            const errorsPerWeek = parseFloat(document.getElementById('errorsPerWeek').value);\n            const timePerError = parseFloat(document.getElementById('timePerError').value);\n            const hourlyRate = parseFloat(document.getElementById('hourlyRate').value);\n\n            const weeklyTimeLoss = numTrucks * errorsPerWeek * timePerError * hourlyRate;\n            const annualTimeLoss = weeklyTimeLoss * 48; \/\/ 48 semaines par an\n\n            document.getElementById('results').innerHTML = `Les pertes de temps estim\u00e9es sont de <span>${annualTimeLoss.toFixed(2)} $<\/span> par ann\u00e9e.`;\n        }\n    <\/script>\n\n<\/body>\n<\/html>\n\t\t\t\t<\/div>\n\t\t\t\t<\/div>\n\t\t\t\t\t<\/div>\n\t\t<\/div>\n\t\t\t\t\t<\/div>\n\t\t<\/section>\n\t\t\t\t<section data-particle_enable=\"false\" data-particle-mobile-disabled=\"false\" class=\"elementor-section elementor-top-section elementor-element elementor-element-218d2b4 elementor-section-boxed elementor-section-height-default elementor-section-height-default\" data-id=\"218d2b4\" data-element_type=\"section\" data-settings=\"{&quot;background_background&quot;:&quot;classic&quot;}\">\n\t\t\t\t\t\t\t<div class=\"elementor-background-overlay\"><\/div>\n\t\t\t\t\t\t\t<div class=\"elementor-container elementor-column-gap-default\">\n\t\t\t\t\t<div class=\"elementor-column elementor-col-66 elementor-top-column elementor-element elementor-element-cf74935\" data-id=\"cf74935\" data-element_type=\"column\">\n\t\t\t<div class=\"elementor-widget-wrap elementor-element-populated\">\n\t\t\t\t\t\t<div class=\"elementor-element elementor-element-8c0a8ec content-align--mobilecta-center content-align-cta-default elementor-widget elementor-widget-eael-cta-box\" data-id=\"8c0a8ec\" data-element_type=\"widget\" data-settings=\"{&quot;ekit_we_effect_on&quot;:&quot;none&quot;}\" data-widget_type=\"eael-cta-box.default\">\n\t\t\t\t<div class=\"elementor-widget-container\">\n\t\t\t\t\t\t\t<div class=\"eael-call-to-action cta-basic bg-lite cta-preset-1\">\n        <h2 class=\"title eael-cta-heading\">Take control of your losses now!<\/h2><p>Use our calculator to estimate your losses, then schedule a free 20-minute call with our team. Together, we'll find the right solutions to reduce your costs and improve your efficiency.<\/p><a class=\"cta-button cta-preset-1\"><\/a>\t<\/div>\n\t\t\t\t\t\t\t\t<\/div>\n\t\t\t\t<\/div>\n\t\t\t\t\t<\/div>\n\t\t<\/div>\n\t\t\t\t<div class=\"elementor-column elementor-col-33 elementor-top-column elementor-element elementor-element-8fc2559\" data-id=\"8fc2559\" data-element_type=\"column\">\n\t\t\t<div class=\"elementor-widget-wrap elementor-element-populated\">\n\t\t\t\t\t\t<div class=\"elementor-element elementor-element-77609ee elementor-align-justify elementor-widget elementor-widget-button\" data-id=\"77609ee\" data-element_type=\"widget\" data-settings=\"{&quot;ekit_we_effect_on&quot;:&quot;none&quot;}\" data-widget_type=\"button.default\">\n\t\t\t\t<div class=\"elementor-widget-container\">\n\t\t\t\t\t\t\t\t\t<div class=\"elementor-button-wrapper\">\n\t\t\t\t\t<a class=\"elementor-button elementor-button-link elementor-size-md\" href=\"#z\">\n\t\t\t\t\t\t<span class=\"elementor-button-content-wrapper\">\n\t\t\t\t\t\t<span class=\"elementor-button-icon\">\n\t\t\t\t<i aria-hidden=\"true\" class=\"icon icon-arrow-right\"><\/i>\t\t\t<\/span>\n\t\t\t\t\t\t\t\t\t<span class=\"elementor-button-text\">Schedule a demo<\/span>\n\t\t\t\t\t<\/span>\n\t\t\t\t\t<\/a>\n\t\t\t\t<\/div>\n\t\t\t\t\t\t\t\t<\/div>\n\t\t\t\t<\/div>\n\t\t\t\t\t<\/div>\n\t\t<\/div>\n\t\t\t\t\t<\/div>\n\t\t<\/section>\n\t\t\t\t<\/div>","protected":false},"excerpt":{"rendered":"<p>Calculez vos pertes dues aux erreurs de livraison En quelques clics, \u00e9valuez l\u2019impact financier de ces erreurs sur votre entreprise et d\u00e9couvrez comment \u00c9volution DMC peut vous aider \u00e0 optimiser vos op\u00e9rations et maximiser vos livraisons. Calculateur des Co\u00fbts d&rsquo;Erreurs Calculateur des co\u00fbts d&rsquo;erreurs de livraison D\u00e9couvrez combien les erreurs de livraison peuvent co\u00fbter \u00e0 [&hellip;]<\/p>","protected":false},"author":9,"featured_media":0,"parent":0,"menu_order":0,"comment_status":"closed","ping_status":"closed","template":"","meta":{"_seopress_robots_primary_cat":"","_seopress_titles_title":"","_seopress_titles_desc":"","_seopress_robots_index":"","site-sidebar-layout":"no-sidebar","site-content-layout":"page-builder","ast-site-content-layout":"full-width-container","site-content-style":"default","site-sidebar-style":"default","ast-global-header-display":"","ast-banner-title-visibility":"","ast-main-header-display":"","ast-hfb-above-header-display":"","ast-hfb-below-header-display":"","ast-hfb-mobile-header-display":"","site-post-title":"disabled","ast-breadcrumbs-content":"","ast-featured-img":"disabled","footer-sml-layout":"","theme-transparent-header-meta":"","adv-header-id-meta":"","stick-header-meta":"","header-above-stick-meta":"","header-main-stick-meta":"","header-below-stick-meta":"","astra-migrate-meta-layouts":"set","ast-page-background-enabled":"default","ast-page-background-meta":{"desktop":{"background-color":"","background-image":"","background-repeat":"repeat","background-position":"center center","background-size":"auto","background-attachment":"scroll","background-type":"","background-media":"","overlay-type":"","overlay-color":"","overlay-opacity":"","overlay-gradient":""},"tablet":{"background-color":"","background-image":"","background-repeat":"repeat","background-position":"center center","background-size":"auto","background-attachment":"scroll","background-type":"","background-media":"","overlay-type":"","overlay-color":"","overlay-opacity":"","overlay-gradient":""},"mobile":{"background-color":"","background-image":"","background-repeat":"repeat","background-position":"center center","background-size":"auto","background-attachment":"scroll","background-type":"","background-media":"","overlay-type":"","overlay-color":"","overlay-opacity":"","overlay-gradient":""}},"ast-content-background-meta":{"desktop":{"background-color":"var(--ast-global-color-5)","background-image":"","background-repeat":"repeat","background-position":"center center","background-size":"auto","background-attachment":"scroll","background-type":"","background-media":"","overlay-type":"","overlay-color":"","overlay-opacity":"","overlay-gradient":""},"tablet":{"background-color":"var(--ast-global-color-5)","background-image":"","background-repeat":"repeat","background-position":"center center","background-size":"auto","background-attachment":"scroll","background-type":"","background-media":"","overlay-type":"","overlay-color":"","overlay-opacity":"","overlay-gradient":""},"mobile":{"background-color":"var(--ast-global-color-5)","background-image":"","background-repeat":"repeat","background-position":"center center","background-size":"auto","background-attachment":"scroll","background-type":"","background-media":"","overlay-type":"","overlay-color":"","overlay-opacity":"","overlay-gradient":""}},"footnotes":""},"class_list":["post-1857","page","type-page","status-publish"],"_links":{"self":[{"href":"https:\/\/evolutionerp.ca\/en\/wp-json\/wp\/v2\/pages\/1857","targetHints":{"allow":["GET"]}}],"collection":[{"href":"https:\/\/evolutionerp.ca\/en\/wp-json\/wp\/v2\/pages"}],"about":[{"href":"https:\/\/evolutionerp.ca\/en\/wp-json\/wp\/v2\/types\/page"}],"author":[{"embeddable":true,"href":"https:\/\/evolutionerp.ca\/en\/wp-json\/wp\/v2\/users\/9"}],"replies":[{"embeddable":true,"href":"https:\/\/evolutionerp.ca\/en\/wp-json\/wp\/v2\/comments?post=1857"}],"version-history":[{"count":0,"href":"https:\/\/evolutionerp.ca\/en\/wp-json\/wp\/v2\/pages\/1857\/revisions"}],"wp:attachment":[{"href":"https:\/\/evolutionerp.ca\/en\/wp-json\/wp\/v2\/media?parent=1857"}],"curies":[{"name":"wp","href":"https:\/\/api.w.org\/{rel}","templated":true}]}}